{"id":2086,"date":"2025-07-23T16:04:32","date_gmt":"2025-07-23T16:04:32","guid":{"rendered":"https:\/\/gsconline.net\/\/GSCv2staging\/?page_id=2086"},"modified":"2025-09-22T16:36:49","modified_gmt":"2025-09-22T16:36:49","slug":"partners","status":"publish","type":"page","link":"https:\/\/gsconline.net\/fr\/partners\/","title":{"rendered":"Partenaires"},"content":{"rendered":"<div class=\"wp-block-group alignwide has-global-padding is-layout-constrained wp-block-group-is-layout-constrained\" style=\"margin-top:0;margin-bottom:0;padding-top:var(--wp--preset--spacing--70);padding-bottom:var(--wp--preset--spacing--70)\">\n<div class=\"wp-block-group alignwide is-content-justification-center is-layout-flex wp-container-core-group-is-layout-2742a168 wp-block-group-is-layout-flex\" style=\"margin-top:0;margin-bottom:0\">\n<figure class=\"wp-block-image size-large is-resized\"><img loading=\"lazy\" decoding=\"async\" width=\"776\" height=\"1024\" src=\"https:\/\/gsconline.net\/\/wp-content\/uploads\/2024\/03\/HDN-logo-776x1024.jpg\" alt=\"\" class=\"wp-image-127\" style=\"width:165px;height:auto\" srcset=\"https:\/\/gsconline.net\/wp-content\/uploads\/2024\/03\/HDN-logo-776x1024.jpg 776w, https:\/\/gsconline.net\/wp-content\/uploads\/2024\/03\/HDN-logo-227x300.jpg 227w, https:\/\/gsconline.net\/wp-content\/uploads\/2024\/03\/HDN-logo-768x1014.jpg 768w, https:\/\/gsconline.net\/wp-content\/uploads\/2024\/03\/HDN-logo-1163x1536.jpg 1163w, https:\/\/gsconline.net\/wp-content\/uploads\/2024\/03\/HDN-logo.jpg 1371w\" sizes=\"auto, (max-width: 776px) 100vw, 776px\" \/><\/figure>\n<\/div>\n<\/div>\n\n\n\n<div class=\"wp-block-columns alignfull are-vertically-aligned-center is-not-stacked-on-mobile has-xsmall-font-size is-layout-flex wp-container-core-columns-is-layout-ac3cf986 wp-block-columns-is-layout-flex\" style=\"margin-top:0;margin-bottom:0;padding-top:0;padding-right:0;padding-bottom:var(--wp--preset--spacing--60);padding-left:0\">\n<div class=\"wp-block-column is-vertically-aligned-center is-layout-flow wp-block-column-is-layout-flow\" style=\"padding-top:0;padding-right:0;padding-bottom:0;padding-left:0;flex-basis:48%\">\n<hr class=\"wp-block-separator has-alpha-channel-opacity is-style-wide\"\/>\n<\/div>\n\n\n\n<div class=\"wp-block-column is-vertically-aligned-center is-layout-flow wp-block-column-is-layout-flow\" style=\"padding-top:0;padding-right:0;padding-bottom:0;padding-left:0;flex-basis:320px\">\n<p class=\"has-text-align-center has-tiny-plus-font-size\" style=\"font-style:normal;font-weight:600\">HDN Academy<\/p>\n<\/div>\n\n\n\n<div class=\"wp-block-column is-vertically-aligned-center is-layout-flow wp-block-column-is-layout-flow\" style=\"padding-top:0;padding-right:0;padding-bottom:0;padding-left:0;flex-basis:48%\">\n<hr class=\"wp-block-separator has-alpha-channel-opacity is-style-wide\"\/>\n<\/div>\n<\/div>\n\n\n\n<p><strong>L\u2019HDN Academy est situ\u00e9e sur un site exceptionnel de 40 hectares au c\u0153ur de la garrigue n\u00eemoise, dans le sud de la France. L\u2019acad\u00e9mie propose 20 courts de tennis, 4 courts couverts et 8 courts de padel, ainsi qu\u2019un centre de remise en forme, un restaurant sur place, un internat et une \u00e9cole priv\u00e9e ind\u00e9pendante.<\/strong><\/p>\n\n\n\n<div class=\"wp-block-buttons gutena-advanced-buttons is-content-justification-center is-layout-flex wp-container-core-buttons-is-layout-a89b3969 wp-block-buttons-is-layout-flex\">\n<div class=\"wp-block-button gutena-advanced-button gutena-advanced-button-f60623-db\"><a class=\"wp-block-button__link wp-element-button\" href=\"https:\/\/www.hdnacademy.com\/\" style=\"padding-top:10px;padding-right:18px;padding-bottom:10px;padding-left:18px\" target=\"_blank\" rel=\"noreferrer noopener\">Visiter leur site internet<\/a><\/div>\n<\/div>\n\n\n\n<div style=\"height:100px\" aria-hidden=\"true\" class=\"wp-block-spacer\"><\/div>\n\n\n\n<div class=\"wp-block-group alignwide has-global-padding is-layout-constrained wp-block-group-is-layout-constrained\" style=\"margin-top:0;margin-bottom:0;padding-top:var(--wp--preset--spacing--70);padding-bottom:var(--wp--preset--spacing--70)\">\n<div class=\"wp-block-group alignwide is-content-justification-center is-layout-flex wp-container-core-group-is-layout-2742a168 wp-block-group-is-layout-flex\" style=\"margin-top:0;margin-bottom:0\">\n<figure class=\"wp-block-image size-full is-resized\"><img loading=\"lazy\" decoding=\"async\" width=\"544\" height=\"486\" src=\"https:\/\/gsconline.net\/\/wp-content\/uploads\/2024\/03\/La-Baule-camp-logo.jpg\" alt=\"\" class=\"wp-image-133\" style=\"width:165px;height:auto\" srcset=\"https:\/\/gsconline.net\/wp-content\/uploads\/2024\/03\/La-Baule-camp-logo.jpg 544w, https:\/\/gsconline.net\/wp-content\/uploads\/2024\/03\/La-Baule-camp-logo-300x268.jpg 300w\" sizes=\"auto, (max-width: 544px) 100vw, 544px\" \/><\/figure>\n<\/div>\n<\/div>\n\n\n\n<div class=\"wp-block-columns alignfull are-vertically-aligned-center is-not-stacked-on-mobile has-xsmall-font-size is-layout-flex wp-container-core-columns-is-layout-ac3cf986 wp-block-columns-is-layout-flex\" style=\"margin-top:0;margin-bottom:0;padding-top:0;padding-right:0;padding-bottom:var(--wp--preset--spacing--60);padding-left:0\">\n<div class=\"wp-block-column is-vertically-aligned-center is-layout-flow wp-block-column-is-layout-flow\" style=\"padding-top:0;padding-right:0;padding-bottom:0;padding-left:0;flex-basis:48%\">\n<hr class=\"wp-block-separator has-alpha-channel-opacity is-style-wide\"\/>\n<\/div>\n\n\n\n<div class=\"wp-block-column is-vertically-aligned-center is-layout-flow wp-block-column-is-layout-flow\" style=\"padding-top:0;padding-right:0;padding-bottom:0;padding-left:0;flex-basis:320px\">\n<p class=\"has-text-align-center has-tiny-plus-font-size\" style=\"font-style:normal;font-weight:600\">Tennis Camps La Baule<\/p>\n<\/div>\n\n\n\n<div class=\"wp-block-column is-vertically-aligned-center is-layout-flow wp-block-column-is-layout-flow\" style=\"padding-top:0;padding-right:0;padding-bottom:0;padding-left:0;flex-basis:48%\">\n<hr class=\"wp-block-separator has-alpha-channel-opacity is-style-wide\"\/>\n<\/div>\n<\/div>\n\n\n\n<p><strong>Individualized academy in La Baule, led by Olivier Malcor and William Bigot.<\/strong> <strong>Cette structure a pour objectif de former des joueurs professionnels et d\u2019accompagner les jeunes athl\u00e8tes vers une fili\u00e8re universitaire am\u00e9ricaine.<\/strong> <strong>GSC notably supported Maxime Dubouch (-4\/6) in joining the University of Memphis in January 2024.<\/strong><\/p>\n\n\n\n<div class=\"wp-block-buttons gutena-advanced-buttons is-content-justification-center is-layout-flex wp-container-core-buttons-is-layout-a89b3969 wp-block-buttons-is-layout-flex\">\n<div class=\"wp-block-button gutena-advanced-button gutena-advanced-button-5b3b48-90\"><a class=\"wp-block-button__link has-text-align-center wp-element-button\" href=\"https:\/\/www.instagram.com\/tenniscamps_la_baule\/\" style=\"padding-top:10px;padding-right:18px;padding-bottom:10px;padding-left:18px\" target=\"_blank\" rel=\"noreferrer noopener\">Visiter leur page Instagram<\/a><\/div>\n<\/div>\n\n\n\n<div style=\"height:100px\" aria-hidden=\"true\" class=\"wp-block-spacer\"><\/div>","protected":false},"excerpt":{"rendered":"<p>HDN Academy HDN Academy is located on an exceptional 40-hectare site in the heart of the N\u00eemes garrigue, in the south of France. The academy offers 20 tennis courts, 4 indoor courts, and 8 padel courts, along with a fitness center, an on-site restaurant, a boarding school, and a private independent school. Tennis Camps La [&hellip;]<\/p>\n","protected":false},"author":2,"featured_media":0,"parent":0,"menu_order":0,"comment_status":"closed","ping_status":"closed","template":"","meta":{"_uag_custom_page_level_css":"","footnotes":""},"class_list":["post-2086","page","type-page","status-publish","hentry"],"uagb_featured_image_src":{"full":false,"thumbnail":false,"medium":false,"medium_large":false,"large":false,"1536x1536":false,"2048x2048":false,"trp-custom-language-flag":false},"uagb_author_info":{"display_name":"Marc Legris","author_link":"https:\/\/gsconline.net\/fr\/author\/marcgsc\/"},"uagb_comment_info":0,"uagb_excerpt":"HDN Academy HDN Academy is located on an exceptional 40-hectare site in the heart of the N\u00eemes garrigue, in the south of France. The academy offers 20 tennis courts, 4 indoor courts, and 8 padel courts, along with a fitness center, an on-site restaurant, a boarding school, and a private independent school. Tennis Camps La\u2026","_links":{"self":[{"href":"https:\/\/gsconline.net\/fr\/wp-json\/wp\/v2\/pages\/2086","targetHints":{"allow":["GET"]}}],"collection":[{"href":"https:\/\/gsconline.net\/fr\/wp-json\/wp\/v2\/pages"}],"about":[{"href":"https:\/\/gsconline.net\/fr\/wp-json\/wp\/v2\/types\/page"}],"author":[{"embeddable":true,"href":"https:\/\/gsconline.net\/fr\/wp-json\/wp\/v2\/users\/2"}],"replies":[{"embeddable":true,"href":"https:\/\/gsconline.net\/fr\/wp-json\/wp\/v2\/comments?post=2086"}],"version-history":[{"count":1,"href":"https:\/\/gsconline.net\/fr\/wp-json\/wp\/v2\/pages\/2086\/revisions"}],"predecessor-version":[{"id":2319,"href":"https:\/\/gsconline.net\/fr\/wp-json\/wp\/v2\/pages\/2086\/revisions\/2319"}],"wp:attachment":[{"href":"https:\/\/gsconline.net\/fr\/wp-json\/wp\/v2\/media?parent=2086"}],"curies":[{"name":"wp","href":"https:\/\/api.w.org\/{rel}","templated":true}]}}