{"id":1194,"date":"2025-06-10T17:36:17","date_gmt":"2025-06-10T17:36:17","guid":{"rendered":"https:\/\/gsconline.net\/\/GSCv2staging\/services\/"},"modified":"2025-09-22T16:33:17","modified_gmt":"2025-09-22T16:33:17","slug":"services","status":"publish","type":"page","link":"https:\/\/gsconline.net\/fr\/services\/","title":{"rendered":"Services"},"content":{"rendered":"<div class=\"wp-block-group alignfull has-global-padding is-layout-constrained wp-container-core-group-is-layout-86610ce2 wp-block-group-is-layout-constrained\" style=\"border-top-color:var(--wp--preset--color--border-alt);border-top-style:solid;border-top-width:1px;border-bottom-color:var(--wp--preset--color--border-alt);border-bottom-style:solid;border-bottom-width:1px;padding-top:var(--wp--preset--spacing--70);padding-right:7vw;padding-bottom:var(--wp--preset--spacing--70);padding-left:7vw\">\n<div class=\"wp-block-group alignwide is-layout-flow wp-block-group-is-layout-flow\">\n<div class=\"wp-block-columns are-vertically-aligned-center is-layout-flex wp-container-core-columns-is-layout-28f84493 wp-block-columns-is-layout-flex\">\n<div class=\"wp-block-column is-vertically-aligned-center is-layout-flow wp-block-column-is-layout-flow\" style=\"flex-basis:12%\">\n<figure class=\"wp-block-image size-full has-custom-border lemmony-animation\" style=\"--lemmony-animation-name:lemmonyFadeInLeft;animation-duration:var(--lemmony-speed-fast)\"><img loading=\"lazy\" decoding=\"async\" width=\"1080\" height=\"1338\" src=\"https:\/\/gsconline.net\/\/wp-content\/uploads\/2025\/06\/mathilde.ngijolcarre-texas-longhorns.jpg\" alt=\"\" class=\"wp-image-1958\" style=\"border-radius:24px\" srcset=\"https:\/\/gsconline.net\/wp-content\/uploads\/2025\/06\/mathilde.ngijolcarre-texas-longhorns.jpg 1080w, https:\/\/gsconline.net\/wp-content\/uploads\/2025\/06\/mathilde.ngijolcarre-texas-longhorns-242x300.jpg 242w, https:\/\/gsconline.net\/wp-content\/uploads\/2025\/06\/mathilde.ngijolcarre-texas-longhorns-827x1024.jpg 827w, https:\/\/gsconline.net\/wp-content\/uploads\/2025\/06\/mathilde.ngijolcarre-texas-longhorns-768x951.jpg 768w\" sizes=\"auto, (max-width: 1080px) 100vw, 1080px\" \/><\/figure>\n<\/div>\n\n\n\n<div class=\"wp-block-column is-vertically-aligned-center is-layout-flow wp-container-core-column-is-layout-e3d1c41b wp-block-column-is-layout-flow\">\n<div class=\"wp-block-columns are-vertically-aligned-center is-layout-flex wp-container-core-columns-is-layout-87beb0d0 wp-block-columns-is-layout-flex\">\n<div class=\"wp-block-column is-vertically-aligned-center is-layout-flow wp-container-core-column-is-layout-e3d1c41b wp-block-column-is-layout-flow\">\n<h2 class=\"wp-block-heading has-large-font-size\">College Connexion<\/h2>\n\n\n\n<p class=\"has-small-font-size\">Nous aidons les joueurs ambitieux \u00e0 int\u00e9grer les universit\u00e9s am\u00e9ricaines.<\/p>\n<\/div>\n\n\n\n<div class=\"wp-block-column is-vertically-aligned-center lemmony-mobile-left is-layout-flow wp-block-column-is-layout-flow\" style=\"flex-basis:130px\">\n<div class=\"wp-block-buttons is-content-justification-right is-layout-flex wp-container-core-buttons-is-layout-d445cf74 wp-block-buttons-is-layout-flex\">\n<div class=\"wp-block-button\"><a class=\"wp-block-button__link has-tiny-font-size has-custom-font-size wp-element-button\" href=\"https:\/\/gsconline.net\/fr\/services\/college-connexion\/\" style=\"padding-top:var(--wp--preset--spacing--20);padding-right:var(--wp--preset--spacing--40);padding-bottom:var(--wp--preset--spacing--20);padding-left:var(--wp--preset--spacing--40)\">Voir Plus<\/a><\/div>\n<\/div>\n<\/div>\n<\/div>\n<\/div>\n<\/div>\n\n\n\n<hr class=\"wp-block-separator has-text-color has-border-alt-color has-alpha-channel-opacity has-border-alt-background-color has-background is-style-wide lemmony-animation\" style=\"--lemmony-animation-name:lemmonyFadeIn;animation-delay:var(--lemmony-delay-xsmall)\"\/>\n\n\n\n<div class=\"wp-block-columns are-vertically-aligned-center is-layout-flex wp-container-core-columns-is-layout-28f84493 wp-block-columns-is-layout-flex\">\n<div class=\"wp-block-column is-vertically-aligned-center is-layout-flow wp-block-column-is-layout-flow\" style=\"flex-basis:12%\">\n<figure class=\"wp-block-image size-full has-custom-border lemmony-animation\" style=\"--lemmony-animation-name:lemmonyFadeInLeft;animation-duration:var(--lemmony-speed-fast);animation-delay:var(--lemmony-delay-xsmall)\"><img loading=\"lazy\" decoding=\"async\" width=\"828\" height=\"1003\" src=\"https:\/\/gsconline.net\/\/wp-content\/uploads\/2025\/06\/Columbia-summer-4.jpeg\" alt=\"\" class=\"wp-image-1879\" style=\"border-radius:24px\" srcset=\"https:\/\/gsconline.net\/wp-content\/uploads\/2025\/06\/Columbia-summer-4.jpeg 828w, https:\/\/gsconline.net\/wp-content\/uploads\/2025\/06\/Columbia-summer-4-248x300.jpeg 248w, https:\/\/gsconline.net\/wp-content\/uploads\/2025\/06\/Columbia-summer-4-768x930.jpeg 768w\" sizes=\"auto, (max-width: 828px) 100vw, 828px\" \/><\/figure>\n<\/div>\n\n\n\n<div class=\"wp-block-column is-vertically-aligned-center is-layout-flow wp-container-core-column-is-layout-e3d1c41b wp-block-column-is-layout-flow\">\n<div class=\"wp-block-columns are-vertically-aligned-center is-layout-flex wp-container-core-columns-is-layout-87beb0d0 wp-block-columns-is-layout-flex\">\n<div class=\"wp-block-column is-vertically-aligned-center is-layout-flow wp-container-core-column-is-layout-e3d1c41b wp-block-column-is-layout-flow\">\n<h2 class=\"wp-block-heading has-large-font-size\">Tournament Connexion<\/h2>\n\n\n\n<p class=\"has-small-font-size\">Nous accompagnons les joueurs juniors et universitaires dans les meilleurs tournois de tennis en France.<\/p>\n<\/div>\n\n\n\n<div class=\"wp-block-column is-vertically-aligned-center lemmony-mobile-left is-layout-flow wp-block-column-is-layout-flow\" style=\"flex-basis:130px\">\n<div class=\"wp-block-buttons is-content-justification-right is-layout-flex wp-container-core-buttons-is-layout-d445cf74 wp-block-buttons-is-layout-flex\">\n<div class=\"wp-block-button\"><a class=\"wp-block-button__link has-tiny-font-size has-custom-font-size wp-element-button\" href=\"https:\/\/gsconline.net\/fr\/services\/tournament-connexion\/\" style=\"padding-top:var(--wp--preset--spacing--20);padding-right:var(--wp--preset--spacing--40);padding-bottom:var(--wp--preset--spacing--20);padding-left:var(--wp--preset--spacing--40)\">Voir Plus<\/a><\/div>\n<\/div>\n<\/div>\n<\/div>\n<\/div>\n<\/div>\n\n\n\n<hr class=\"wp-block-separator has-text-color has-border-alt-color has-alpha-channel-opacity has-border-alt-background-color has-background is-style-wide lemmony-animation\" style=\"--lemmony-animation-name:lemmonyFadeIn;animation-delay:var(--lemmony-delay-xsmall)\"\/>\n\n\n\n<div class=\"wp-block-columns are-vertically-aligned-center is-layout-flex wp-container-core-columns-is-layout-28f84493 wp-block-columns-is-layout-flex\">\n<div class=\"wp-block-column is-vertically-aligned-center is-layout-flow wp-block-column-is-layout-flow\" style=\"flex-basis:12%\">\n<figure class=\"wp-block-image size-full has-custom-border lemmony-animation\" style=\"--lemmony-animation-name:lemmonyFadeInLeft;animation-duration:var(--lemmony-speed-fast);animation-delay:var(--lemmony-delay-small)\"><img loading=\"lazy\" decoding=\"async\" width=\"1024\" height=\"768\" src=\"https:\/\/gsconline.net\/\/wp-content\/uploads\/2024\/03\/Monte-Carlo-Univ-of-Washington.jpg\" alt=\"\" class=\"wp-image-140\" style=\"border-radius:24px;aspect-ratio:3\/4;object-fit:cover\" srcset=\"https:\/\/gsconline.net\/wp-content\/uploads\/2024\/03\/Monte-Carlo-Univ-of-Washington.jpg 1024w, https:\/\/gsconline.net\/wp-content\/uploads\/2024\/03\/Monte-Carlo-Univ-of-Washington-300x225.jpg 300w, https:\/\/gsconline.net\/wp-content\/uploads\/2024\/03\/Monte-Carlo-Univ-of-Washington-768x576.jpg 768w\" sizes=\"auto, (max-width: 1024px) 100vw, 1024px\" \/><\/figure>\n<\/div>\n\n\n\n<div class=\"wp-block-column is-vertically-aligned-center is-layout-flow wp-container-core-column-is-layout-e3d1c41b wp-block-column-is-layout-flow\">\n<div class=\"wp-block-columns are-vertically-aligned-center is-layout-flex wp-container-core-columns-is-layout-87beb0d0 wp-block-columns-is-layout-flex\">\n<div class=\"wp-block-column is-vertically-aligned-center is-layout-flow wp-container-core-column-is-layout-e3d1c41b wp-block-column-is-layout-flow\">\n<h2 class=\"wp-block-heading has-large-font-size\">Coach or Academy?<\/h2>\n\n\n\n<p class=\"has-small-font-size\">Clique sur le bouton \u00ab Contact \u00bb pour d\u00e9marrer une conversation avec nous.<\/p>\n<\/div>\n\n\n\n<div class=\"wp-block-column is-vertically-aligned-center lemmony-mobile-left is-layout-flow wp-block-column-is-layout-flow\" style=\"flex-basis:130px\">\n<div class=\"wp-block-buttons is-content-justification-right is-layout-flex wp-container-core-buttons-is-layout-d445cf74 wp-block-buttons-is-layout-flex\">\n<div class=\"wp-block-button\"><a class=\"wp-block-button__link has-tiny-font-size has-custom-font-size wp-element-button\" href=\"https:\/\/gsconline.net\/fr\/contact\/\" style=\"padding-top:var(--wp--preset--spacing--20);padding-right:var(--wp--preset--spacing--40);padding-bottom:var(--wp--preset--spacing--20);padding-left:var(--wp--preset--spacing--40)\">Contact<\/a><\/div>\n<\/div>\n<\/div>\n<\/div>\n<\/div>\n<\/div>\n<\/div>\n<\/div>\n\n\n\n<div class=\"wp-block-columns alignwide is-layout-flex wp-container-core-columns-is-layout-1e297cbc wp-block-columns-is-layout-flex\" id=\"faq\" style=\"padding-top:var(--wp--preset--spacing--70);padding-bottom:var(--wp--preset--spacing--70)\">\n<div class=\"wp-block-column is-layout-flow wp-block-column-is-layout-flow\" style=\"flex-basis:34%\">\n<div class=\"wp-block-group is-nowrap is-layout-flex wp-container-core-group-is-layout-6c531013 wp-block-group-is-layout-flex\">\n<div class=\"wp-block-group has-midground-background-color has-background lemmony-animation is-nowrap is-layout-flex wp-container-core-group-is-layout-da800520 wp-block-group-is-layout-flex\" style=\"border-radius:16px;padding-top:var(--wp--preset--spacing--20);padding-right:var(--wp--preset--spacing--20);padding-bottom:var(--wp--preset--spacing--20);padding-left:var(--wp--preset--spacing--20);--lemmony-animation-name:lemmonyFadeInDown\">\n<div class=\"wp-block-lemmony-companion-icon\" style=\"font-size:clamp(24.034px, 1.502rem + ((1vw - 3.2px) * 1.247), 40px);\"><div class=\"lemmony-icon-wrapper\"><svg xmlns=\"http:\/\/www.w3.org\/2000\/svg\" viewbox=\"0 0 32 32\" data-reactroot=\"\"><path d=\"M16,30.5C8.005,30.5,1.5,23.995,1.5,16S8.005,1.5,16,1.5S30.5,8.005,30.5,16S23.995,30.5,16,30.5z M16,3.5 C9.107,3.5,3.5,9.107,3.5,16S9.107,28.5,16,28.5S28.5,22.893,28.5,16S22.893,3.5,16,3.5z M16.174,23.619c-0.552,0-1-0.447-1-1 v-0.101c0-0.553,0.448-1,1-1s1,0.447,1,1v0.101C17.174,23.172,16.726,23.619,16.174,23.619z M16.174,18.814c-0.552,0-1-0.447-1-1 c0-1.324,0.803-2.54,2.046-3.098c0.922-0.413,1.517-1.331,1.517-2.34c0-0.665-0.272-1.302-0.767-1.796 c-0.493-0.494-1.131-0.766-1.795-0.766c0,0,0,0,0,0c-1.414,0-2.563,1.149-2.563,2.562c0,0.552-0.448,1-1,1s-1-0.448-1-1 c0-2.516,2.047-4.562,4.562-4.562c0,0,0.001,0,0.001,0c1.198,0,2.338,0.48,3.21,1.352c0.871,0.872,1.352,2.012,1.352,3.21 c0,1.796-1.06,3.431-2.699,4.165c-0.532,0.239-0.863,0.727-0.863,1.272C17.174,18.367,16.726,18.814,16.174,18.814z\"><\/path><\/svg><\/div><\/div>\n<\/div>\n<\/div>\n\n\n\n<h2 class=\"wp-block-heading lemmony-animation\" style=\"--lemmony-animation-name:lemmonyFadeInUp\"><br>Des questions ? On y r\u00e9pond.<\/h2>\n\n\n\n<p class=\"lemmony-animation\" style=\"--lemmony-animation-name:lemmonyFadeInUp\"><br>Voici les questions les plus fr\u00e9quentes que les joueurs et leurs parents posent sur GSC et notre fonctionnement. Toujours curieux ? N\u2019h\u00e9site pas \u00e0 nous contacter \u00e0 tout moment.<\/p>\n\n\n\n<div class=\"wp-block-buttons is-content-justification-left is-layout-flex wp-container-core-buttons-is-layout-a15c5ca6 wp-block-buttons-is-layout-flex\" style=\"margin-top:var(--wp--preset--spacing--50)\">\n<div class=\"wp-block-button lemmony-button-hover-opacity lemmony-animation\" style=\"--lemmony-animation-name:lemmonyFadeInUp\"><a class=\"wp-block-button__link has-body-color has-transparent-background-color has-text-color has-background has-small-font-size has-custom-font-size wp-element-button\" href=\"https:\/\/gsconline.net\/fr\/contact\/\" style=\"padding-top:0;padding-right:0;padding-bottom:0;padding-left:0;font-style:normal;font-weight:700;text-decoration:underline\">Nous contacter<\/a><\/div>\n<\/div>\n<\/div>\n\n\n\n<div class=\"wp-block-column is-layout-flow wp-block-column-is-layout-flow\" style=\"flex-basis:4%\">\n<p><\/p>\n<\/div>\n\n\n\n<div class=\"wp-block-column lemmony-animation is-layout-flow wp-block-column-is-layout-flow\" style=\"flex-basis:60%;--lemmony-animation-name:lemmonyFadeIn\">\n<div class=\"wp-block-lemmony-companion-accordion is-open\"><div class=\"lemmony-accordion-container\"><h2 class=\"lemmony-accordion-title\"><strong>\u00c0 qui s\u2019adressent les programmes GSC ?<\/strong><\/h2><div class=\"lemmony-accordion-content\">\n<p>Tout joueur de tennis s\u00e9rieux souhaitant passer au niveau sup\u00e9rieur, que ce soit pour int\u00e9grer une unniversit\u00e9, participer \u00e0 des tournois internationaux, ou vivre une immersion culturelle compl\u00e8te en France.<\/p>\n<\/div><\/div><div class=\"lemmony-accordion-icon\"><\/div><\/div>\n\n\n\n<div class=\"wp-block-lemmony-companion-accordion\"><div class=\"lemmony-accordion-container\"><h2 class=\"lemmony-accordion-title\"><strong>Comment College Connexion aide-t-il \u00e0 int\u00e9grer une universit\u00e9 am\u00e9ricaine ?<\/strong><\/h2><div class=\"lemmony-accordion-content\">\n<p>Nous t'accompagnons tout au long du processus : trouver l\u2019universit\u00e9 qui te correspond, n\u00e9gocier les bourses et g\u00e9rer toutes les d\u00e9marches administratives, afin que tu puisses rester concentr\u00e9 sur le tennis et tes \u00e9tudes.<\/p>\n<\/div><\/div><div class=\"lemmony-accordion-icon\"><\/div><\/div>\n\n\n\n<div class=\"wp-block-lemmony-companion-accordion\"><div class=\"lemmony-accordion-container\"><h2 class=\"lemmony-accordion-title\"><strong>Quel soutien les joueurs re\u00e7oivent-ils lorsqu'ils participent \u00e0 des comp\u00e9titions \u00e0 l'\u00e9tranger ?<\/strong><\/h2><div class=\"lemmony-accordion-content\">\n<p>Nous organisons chaque voyage sur mesure, proposons des entra\u00eeneurs et services de traduction, et accompagnons m\u00eame les plus jeunes joueurs. \u00c0 chaque \u00e9tape, nous sommes \u00e0 leurs c\u00f4t\u00e9s.<\/p>\n<\/div><\/div><div class=\"lemmony-accordion-icon\"><\/div><\/div>\n\n\n\n<div class=\"wp-block-lemmony-companion-accordion\"><div class=\"lemmony-accordion-container\"><h2 class=\"lemmony-accordion-title\"><strong>Les programmes sont-ils flexibles ?<\/strong><\/h2><div class=\"lemmony-accordion-content\">\n<p>Tr\u00e8s flexibles. Chaque exp\u00e9rience est adapt\u00e9e \u00e0 ton emploi du temps, ton budget et tes objectifs. Qu\u2019il s\u2019agisse de quelques tournois, d\u2019une int\u00e9gration en universit\u00e9 am\u00e9ricaine ou d\u2019une saison compl\u00e8te \u00e0 l\u2019\u00e9tranger, nous \u00e9laborons un programme qui te correspond parfaitement.<\/p>\n<\/div><\/div><div class=\"lemmony-accordion-icon\"><\/div><\/div>\n\n\n\n<div class=\"wp-block-lemmony-companion-accordion\"><div class=\"lemmony-accordion-container\"><h2 class=\"lemmony-accordion-title\"><strong>Comment commencer avec GSC ?<\/strong><\/h2><div class=\"lemmony-accordion-content\">\n<p>Contacte-nous pour parler de tes objectifs. \u00c0 partir de l\u00e0, nous cr\u00e9erons un programme personnalis\u00e9 et t'accompagnerons dans les \u00e9tapes suivantes, que ce soit pour le recrutement universitaire ou la planification de tournois.<\/p>\n<\/div><\/div><div class=\"lemmony-accordion-icon\"><\/div><\/div>\n<\/div>\n<\/div>","protected":false},"excerpt":{"rendered":"<p>College Connexion Connecting serious players to the right U.S. college tennis programs. Tournament Connexion Helping juniors and college players compete in France\u2019s best tennis tournaments. Coach or Academy? Click the contact button to start a conversation with us. Got Questions? We\u2019ve Got Answers. Here are the most common questions players and parents ask about GSC [&hellip;]<\/p>\n","protected":false},"author":1,"featured_media":0,"parent":0,"menu_order":0,"comment_status":"closed","ping_status":"closed","template":"page-without-title","meta":{"_uag_custom_page_level_css":"","footnotes":""},"class_list":["post-1194","page","type-page","status-publish","hentry"],"uagb_featured_image_src":{"full":false,"thumbnail":false,"medium":false,"medium_large":false,"large":false,"1536x1536":false,"2048x2048":false,"trp-custom-language-flag":false},"uagb_author_info":{"display_name":"admin","author_link":"https:\/\/gsconline.net\/fr\/author\/marco\/"},"uagb_comment_info":0,"uagb_excerpt":"College Connexion Connecting serious players to the right U.S. college tennis programs. Tournament Connexion Helping juniors and college players compete in France\u2019s best tennis tournaments. Coach or Academy? Click the contact button to start a conversation with us. Got Questions? We\u2019ve Got Answers. Here are the most common questions players and parents ask about GSC\u2026","_links":{"self":[{"href":"https:\/\/gsconline.net\/fr\/wp-json\/wp\/v2\/pages\/1194","targetHints":{"allow":["GET"]}}],"collection":[{"href":"https:\/\/gsconline.net\/fr\/wp-json\/wp\/v2\/pages"}],"about":[{"href":"https:\/\/gsconline.net\/fr\/wp-json\/wp\/v2\/types\/page"}],"author":[{"embeddable":true,"href":"https:\/\/gsconline.net\/fr\/wp-json\/wp\/v2\/users\/1"}],"replies":[{"embeddable":true,"href":"https:\/\/gsconline.net\/fr\/wp-json\/wp\/v2\/comments?post=1194"}],"version-history":[{"count":1,"href":"https:\/\/gsconline.net\/fr\/wp-json\/wp\/v2\/pages\/1194\/revisions"}],"predecessor-version":[{"id":2317,"href":"https:\/\/gsconline.net\/fr\/wp-json\/wp\/v2\/pages\/1194\/revisions\/2317"}],"wp:attachment":[{"href":"https:\/\/gsconline.net\/fr\/wp-json\/wp\/v2\/media?parent=1194"}],"curies":[{"name":"wp","href":"https:\/\/api.w.org\/{rel}","templated":true}]}}